{"id":811,"date":"2018-04-25T15:42:51","date_gmt":"2018-04-25T13:42:51","guid":{"rendered":"https:\/\/kinderwunsch-klinik.ch\/about-us\/"},"modified":"2026-01-05T15:17:06","modified_gmt":"2026-01-05T14:17:06","slug":"about-us","status":"publish","type":"page","link":"https:\/\/kinderwunsch-klinik.ch\/en\/about-us\/","title":{"rendered":"About us"},"content":{"rendered":"<div class=\"wpb-content-wrapper\"><p>[vc_row unlock_row_content=&#8221;yes&#8221; row_height_percent=&#8221;0&#8243; overlay_alpha=&#8221;50&#8243; gutter_size=&#8221;3&#8243; column_width_percent=&#8221;100&#8243; shift_y=&#8221;0&#8243; z_index=&#8221;0&#8243; css=&#8221;.vc_custom_1524571529702{margin-top: -36px !important;}&#8221;][vc_column width=&#8221;1\/1&#8243;][rev_slider_vc alias=&#8221;praxisrundgang-1&#8243;][\/vc_column][\/vc_row][vc_row][vc_column width=&#8221;1\/1&#8243;][vc_column_text]<\/p>\n<h2>Our clinic<\/h2>\n<p>[\/vc_column_text][\/vc_column][\/vc_row][vc_row][vc_column width=&#8221;1\/1&#8243;][vc_column_text]Our clinic is named after Kokopelli, a symbol of fertility of the Anasazi and various prehistoric Indian peoples in the southwestern United States of America. This human-like figure was often drawn on rocks as a flute player along with other symbols of fertility.[\/vc_column_text][\/vc_column][\/vc_row][vc_row][vc_column width=&#8221;1\/2&#8243;][vc_row_inner][vc_column_inner width=&#8221;1\/3&#8243;][vc_single_image media=&#8221;1047&#8243; media_width_percent=&#8221;100&#8243; uncode_shortcode_id=&#8221;158019&#8243;][\/vc_column_inner][vc_column_inner width=&#8221;2\/3&#8243;][vc_column_text]<strong>Dr. med. Natalia Gr\u00fcninger<\/strong><\/p>\n<p>Languages: German, English[\/vc_column_text][\/vc_column_inner][\/vc_row_inner][vc_accordion active_tab=&#8221;0&#8243; el_class=&#8221;lebenslauf&#8221;][vc_accordion_tab tab_id=&#8221;1524664754-1-49&#8243; title=&#8221;Curriculum&#8221;][vc_column_text uncode_shortcode_id=&#8221;183314&#8243;]<strong>Privat<br \/>\n<\/strong>married, 2 children<\/p>\n<p><strong>Work experience<\/strong><\/p>\n<div id=\"tablepress-4-scroll-wrapper\" class=\"tablepress-scroll-wrapper\">\n\n<table id=\"tablepress-4\" class=\"tablepress tablepress-id-4 tablepress-responsive\">\n<tbody>\n<tr class=\"row-1\">\n\t<td class=\"column-1\">1999 - 2001<\/td><td class=\"column-2\">Assistenz\u00e4rztin Frauenklinik Forschungsinstitut von D. Ott St. Petersburg (Prof. Dr. E. Ajlamasjan)<\/td>\n<\/tr>\n<tr class=\"row-2\">\n\t<td class=\"column-1\">2002 - 2003<\/td><td class=\"column-2\">Assistenz\u00e4rztin Chirurgie Kantonsspital St. Gallen (Prof. Dr. J. Lange)<\/td>\n<\/tr>\n<tr class=\"row-3\">\n\t<td class=\"column-1\">2003 - 2004<\/td><td class=\"column-2\">Assistenz\u00e4rztin Frauenklinik Kantonsspital St. Gallen (Prof. Dr. U. Lorenz)<\/td>\n<\/tr>\n<tr class=\"row-4\">\n\t<td class=\"column-1\">2004 - 2011<\/td><td class=\"column-2\">Assistenz\u00e4rztin Frauenklinik Spital Herisau (Dr. A. Ehrsam)<\/td>\n<\/tr>\n<tr class=\"row-5\">\n\t<td class=\"column-1\">2011 - 2015<\/td><td class=\"column-2\">Assistenz\u00e4rztin Frauenklinik Kantonsspital St. Gallen (Prof. Dr. R. Hornung)<\/td>\n<\/tr>\n<tr class=\"row-6\">\n\t<td class=\"column-1\">2015 - 2018<\/td><td class=\"column-2\">Ober\u00e4rztin Frauenklinik Kantonsspital St. Gallen, Fachinstitut der Ostschweiz f\u00fcr Reproduktionsmedizin und gyn\u00e4kologische Endokrinologie  (Prof. Dr. R. Hornung,\u00a0 Dr. F. H\u00e4berlin)<\/td>\n<\/tr>\n<tr class=\"row-7\">\n\t<td class=\"column-1\">ab 5\/2018<\/td><td class=\"column-2\">Kinderwunschzentrum Kopelli Klinik in Pf\u00e4ffikon SZ zusammen mit Dr. med. Debbie Rauchenstein-Kleinert<\/td>\n<\/tr>\n<\/tbody>\n<\/table>\n\n<\/div><!-- #tablepress-4 from cache -->\n<p><strong>Training<\/strong><\/p>\n<div id=\"tablepress-5-scroll-wrapper\" class=\"tablepress-scroll-wrapper\">\n\n<table id=\"tablepress-5\" class=\"tablepress tablepress-id-5 tablepress-responsive\">\n<tbody>\n<tr class=\"row-1\">\n\t<td class=\"column-1\">1993-1999<\/td><td class=\"column-2\">Medizinstudium Universit\u00e4t St. Petersburg<\/td>\n<\/tr>\n<tr class=\"row-2\">\n\t<td class=\"column-1\">1999<\/td><td class=\"column-2\">Russisches Staatsexamen <\/td>\n<\/tr>\n<tr class=\"row-3\">\n\t<td class=\"column-1\">2012<\/td><td class=\"column-2\">Facharzt Gyn\u00e4kologie und Geburtshilfe FMH<\/td>\n<\/tr>\n<tr class=\"row-4\">\n\t<td class=\"column-1\">2016<\/td><td class=\"column-2\">Schwerpunkt Reproduktionsmedizin und gyn\u00e4kologische Endokrinologie<\/td>\n<\/tr>\n<tr class=\"row-5\">\n\t<td class=\"column-1\">2017<\/td><td class=\"column-2\">Promotion, Dissertation: Clinical Outcome nach Kryokonservierung von Pronukleus-Oozyten mittels Vitrifikation im Vergleich zur Slow Freezing Technik im Rahmen der extrakorporalen Befruchtung an der Universit\u00e4t Z\u00fcrich<\/td>\n<\/tr>\n<\/tbody>\n<\/table>\n\n<\/div><!-- #tablepress-5 from cache -->\n<p><strong>Memberships<\/strong><\/p>\n<p>Verbindung der Schweizer \u00c4rztinnen und \u00c4rzte, FMH<br \/>\nESHRE European Society of Human Reproduction and Embryology<br \/>\nAGSZ \u00c4rztegesellschaft des Kantons Schwyz<\/p>\n<p><strong>Languages<\/strong><\/p>\n<p>German, Russian, English[\/vc_column_text][\/vc_accordion_tab][\/vc_accordion][\/vc_column][vc_column width=&#8221;1\/2&#8243;][vc_row_inner][vc_column_inner width=&#8221;1\/3&#8243;][vc_single_image media=&#8221;1045&#8243; media_width_percent=&#8221;100&#8243; uncode_shortcode_id=&#8221;105186&#8243;][\/vc_column_inner][vc_column_inner width=&#8221;2\/3&#8243;][vc_column_text]<strong>Dr. med. Debbie Rauchenstein-Kleinert<\/strong><\/p>\n<p>Languages: German, English, French, (Spanish)[\/vc_column_text][\/vc_column_inner][\/vc_row_inner][vc_accordion active_tab=&#8221;0&#8243;][vc_accordion_tab title=&#8221;Curriculum&#8221; tab_id=&#8221;1524665480-1-43&#8243;][vc_column_text uncode_shortcode_id=&#8221;247503&#8243;]<strong>Private<br \/>\n<\/strong>married, 3 children<\/p>\n<p><strong>Work experience<\/strong><\/p>\n<div id=\"tablepress-2-scroll-wrapper\" class=\"tablepress-scroll-wrapper\">\n\n<table id=\"tablepress-2\" class=\"tablepress tablepress-id-2 tablepress-responsive\">\n<tbody>\n<tr class=\"row-1\">\n\t<td class=\"column-1\">1998 - 1999<\/td><td class=\"column-2\">Assistenz\u00e4rztin An\u00e4sthesiologie Universit\u00e4tsspital Z\u00fcrich (Prof. Dr. Th. Pasch)<\/td>\n<\/tr>\n<tr class=\"row-2\">\n\t<td class=\"column-1\">2000 - 2001<\/td><td class=\"column-2\">Assistenz\u00e4rztin Chirurgie Kantonsspital Winterthur (Dr. M.  Decurtins)<\/td>\n<\/tr>\n<tr class=\"row-3\">\n\t<td class=\"column-1\">2001 - 2003<\/td><td class=\"column-2\">Assistenz\u00e4rztin Gyn\u00e4kologie Universit\u00e4tsspital Z\u00fcrich (Prof. Dr. U. Haller)<\/td>\n<\/tr>\n<tr class=\"row-4\">\n\t<td class=\"column-1\">2003 - 2004<\/td><td class=\"column-2\">Assistenz\u00e4rztin Gyn\u00e4kologie Spital B\u00fclach (Dr. P. Bader)<\/td>\n<\/tr>\n<tr class=\"row-5\">\n\t<td class=\"column-1\">2004 - 2007 <\/td><td class=\"column-2\">Assistenz\u00e4rztin Gyn\u00e4kologie Universit\u00e4tsspital Z\u00fcrich (Prof. Dr. D. Fink, Prof. Dr. R. Zimmermann, Prof. Dr. B. Imthurn)<\/td>\n<\/tr>\n<tr class=\"row-6\">\n\t<td class=\"column-1\">2007 - 2008<\/td><td class=\"column-2\">Assistenz\u00e4rztin Gyn\u00e4kologie Spital M\u00fcnsterlingen (Dr. K. L\u00fcscher)<\/td>\n<\/tr>\n<tr class=\"row-7\">\n\t<td class=\"column-1\">2008 - 2010<\/td><td class=\"column-2\">Ober\u00e4rztin Gyn\u00e4kologie Kantonsspital Uri (Dr. H. Werder)<\/td>\n<\/tr>\n<tr class=\"row-8\">\n\t<td class=\"column-1\">2011 - 2012<\/td><td class=\"column-2\">Ober\u00e4rztin Gyn\u00e4kologie Spital Lachen (Dr. D. Burger)<\/td>\n<\/tr>\n<tr class=\"row-9\">\n\t<td class=\"column-1\">2012 - 2018<\/td><td class=\"column-2\">Ober\u00e4rztin Frauenklinik Kantonsspital St. Gallen, Fachinstitut der Ostschweiz f\u00fcr Reproduktionsmedizin und gyn\u00e4kologische Endokrinologie  (Prof. Dr. R. Hornung,\u00a0 Dr. F. H\u00e4berlin)<\/td>\n<\/tr>\n<tr class=\"row-10\">\n\t<td class=\"column-1\">ab 5\/2018<\/td><td class=\"column-2\">Kinderwunschzentrum Kopelli Klinik in Pf\u00e4ffikon SZ zusammen mit Dr. med. Natalia Gr\u00fcninger <\/td>\n<\/tr>\n<\/tbody>\n<\/table>\n\n<\/div><!-- #tablepress-2 from cache -->\n<p><strong>Training<\/strong><\/p>\n<div id=\"tablepress-3-scroll-wrapper\" class=\"tablepress-scroll-wrapper\">\n\n<table id=\"tablepress-3\" class=\"tablepress tablepress-id-3 tablepress-responsive\">\n<tbody>\n<tr class=\"row-1\">\n\t<td class=\"column-1\">1991-1997<\/td><td class=\"column-2\">Medizinstudium Universit\u00e4t Z\u00fcrich<\/td>\n<\/tr>\n<tr class=\"row-2\">\n\t<td class=\"column-1\">1997<\/td><td class=\"column-2\">Schweizer Staatsexamen, US Staatsexamen <\/td>\n<\/tr>\n<tr class=\"row-3\">\n\t<td class=\"column-1\">1998<\/td><td class=\"column-2\">Promotion, Dissertation: Retrospektive Analyse des an\u00e4sthesiologischen Managements der ersten 25 Lungentransplantationen am Universit\u00e4tsspital Z\u00fcrich<\/td>\n<\/tr>\n<tr class=\"row-4\">\n\t<td class=\"column-1\">2009<\/td><td class=\"column-2\">Facharzt Gyn\u00e4kologie und Geburtshilfe FMH, Spez. Operative Gyn\u00e4kologie und Geburtshilfe<\/td>\n<\/tr>\n<tr class=\"row-5\">\n\t<td class=\"column-1\">2018<\/td><td class=\"column-2\">Schwerpunkt Reproduktionsmedizin und gyn\u00e4kologische Endokrinologie<\/td>\n<\/tr>\n<\/tbody>\n<\/table>\n\n<\/div><!-- #tablepress-3 from cache -->\n<p><strong>Memberships<\/strong><\/p>\n<p>Verbindung der Schweizer \u00c4rztinnen und \u00c4rzte, FMH<br \/>\nESHRE European Society of Human Reproduction and Embryology<br \/>\nAGSZ \u00c4rztegesellschaft des Kantons Schwyz<\/p>\n<p><strong>Languages<\/strong><\/p>\n<p>German, English, French, (Spanish)[\/vc_column_text][\/vc_accordion_tab][\/vc_accordion][\/vc_column][\/vc_row][vc_row][vc_column width=&#8221;1\/2&#8243;][vc_row_inner][vc_column_inner width=&#8221;1\/3&#8243;][vc_single_image media=&#8221;720&#8243; media_width_percent=&#8221;100&#8243;][\/vc_column_inner][vc_column_inner width=&#8221;2\/3&#8243;][vc_column_text]<b>Nina Br\u00e4ndle<\/b><\/p>\n<p>Medical Practice Assistant[\/vc_column_text][\/vc_column_inner][\/vc_row_inner][\/vc_column][vc_column width=&#8221;1\/2&#8243;][vc_row_inner][vc_column_inner width=&#8221;1\/3&#8243;][vc_single_image media=&#8221;721&#8243; media_width_percent=&#8221;100&#8243;][\/vc_column_inner][vc_column_inner width=&#8221;2\/3&#8243;][vc_column_text]<b>Felix Roth<\/b><\/p>\n<p>Embryologist[\/vc_column_text][\/vc_column_inner][\/vc_row_inner][\/vc_column][\/vc_row][vc_row][vc_column width=&#8221;1\/2&#8243;][vc_row_inner][vc_column_inner width=&#8221;1\/3&#8243;][vc_single_image media=&#8221;723&#8243; media_width_percent=&#8221;100&#8243;][\/vc_column_inner][vc_column_inner width=&#8221;2\/3&#8243;][vc_column_text]<b>Dr. rer. nat. Paulina Kania<\/b><\/p>\n<p>Embryologist[\/vc_column_text][\/vc_column_inner][\/vc_row_inner][\/vc_column][vc_column width=&#8221;1\/2&#8243;][vc_row_inner][vc_column_inner width=&#8221;1\/3&#8243;][vc_single_image media=&#8221;724&#8243; media_width_percent=&#8221;100&#8243;][\/vc_column_inner][vc_column_inner width=&#8221;2\/3&#8243;][vc_column_text]<b>Rita Redolfi<\/b><\/p>\n<p>Embryologist[\/vc_column_text][\/vc_column_inner][\/vc_row_inner][\/vc_column][\/vc_row][vc_row][vc_column width=&#8221;1\/2&#8243;][vc_row_inner][vc_column_inner width=&#8221;1\/3&#8243;][vc_single_image media=&#8221;725&#8243; media_width_percent=&#8221;100&#8243;][\/vc_column_inner][vc_column_inner width=&#8221;2\/3&#8243;][vc_column_text]<b>Rebekka Senteler<\/b><\/p>\n<p>Embryologist[\/vc_column_text][\/vc_column_inner][\/vc_row_inner][\/vc_column][vc_column width=&#8221;1\/2&#8243;][\/vc_column][\/vc_row][vc_row][vc_column width=&#8221;1\/1&#8243;][\/vc_column][\/vc_row][vc_row][vc_column width=&#8221;5\/6&#8243;][vc_column_text]<\/p>\n<h3>IVF Laboratory:<\/h3>\n<p>[\/vc_column_text][vc_column_text]We have modern IVF laboratory equipment and use the latest technology for your treatment. We cooperate with fiore Lab AG, which has many years of experience in the IVF field and has excellently trained laboratory staff.[\/vc_column_text][\/vc_column][vc_column width=&#8221;1\/6&#8243;][\/vc_column][\/vc_row][vc_row row_height_percent=&#8221;0&#8243; overlay_alpha=&#8221;50&#8243; gutter_size=&#8221;3&#8243; column_width_percent=&#8221;100&#8243; shift_y=&#8221;0&#8243; z_index=&#8221;0&#8243; uncode_shortcode_id=&#8221;459798&#8243; css=&#8221;.vc_custom_1705046875821{padding-top: 30px !important;}&#8221;][vc_column width=&#8221;5\/6&#8243;][vc_column_text uncode_shortcode_id=&#8221;140483&#8243;]<\/p>\n<h3>Blutanalysen:<\/h3>\n<p>[\/vc_column_text][vc_column_text uncode_shortcode_id=&#8221;109383&#8243;]Unsere Blutanalysen werden vom kompetenten labor team durchgef\u00fchrt.[\/vc_column_text][\/vc_column][vc_column width=&#8221;1\/6&#8243;][vc_column_text uncode_shortcode_id=&#8221;981554&#8243;]<img decoding=\"async\" class=\"labor alignnone wp-image-999 size-full\" src=\"https:\/\/kinderwunsch-klinik.ch\/wp-content\/uploads\/2024\/01\/laborteam_logo_rgb-1.svg\" alt=\"\" width=\"350\" height=\"314\" \/>[\/vc_column_text][\/vc_column][\/vc_row]<\/p>\n<\/div>","protected":false},"excerpt":{"rendered":"<p>[vc_row unlock_row_content=&#8221;yes&#8221; row_height_percent=&#8221;0&#8243; overlay_alpha=&#8221;50&#8243; gutter_size=&#8221;3&#8243; column_width_percent=&#8221;100&#8243; shift_y=&#8221;0&#8243; z_index=&#8221;0&#8243; css=&#8221;.vc_custom_1524571529702{margin-top: -36px !important;}&#8221;][vc_column width=&#8221;1\/1&#8243;][rev_slider_vc alias=&#8221;praxisrundgang-1&#8243;][\/vc_column][\/vc_row][vc_row][vc_column width=&#8221;1\/1&#8243;][vc_column_text] Our clinic [\/vc_column_text][\/vc_column][\/vc_row][vc_row][vc_column width=&#8221;1\/1&#8243;][vc_column_text]Our clinic is [&hellip;]<\/p>\n","protected":false},"author":1,"featured_media":0,"parent":0,"menu_order":0,"comment_status":"closed","ping_status":"closed","template":"","meta":{"inline_featured_image":false,"iawp_total_views":64,"footnotes":""},"class_list":["post-811","page","type-page","status-publish","hentry"],"_links":{"self":[{"href":"https:\/\/kinderwunsch-klinik.ch\/en\/wp-json\/wp\/v2\/pages\/811","targetHints":{"allow":["GET"]}}],"collection":[{"href":"https:\/\/kinderwunsch-klinik.ch\/en\/wp-json\/wp\/v2\/pages"}],"about":[{"href":"https:\/\/kinderwunsch-klinik.ch\/en\/wp-json\/wp\/v2\/types\/page"}],"author":[{"embeddable":true,"href":"https:\/\/kinderwunsch-klinik.ch\/en\/wp-json\/wp\/v2\/users\/1"}],"replies":[{"embeddable":true,"href":"https:\/\/kinderwunsch-klinik.ch\/en\/wp-json\/wp\/v2\/comments?post=811"}],"version-history":[{"count":6,"href":"https:\/\/kinderwunsch-klinik.ch\/en\/wp-json\/wp\/v2\/pages\/811\/revisions"}],"predecessor-version":[{"id":1300,"href":"https:\/\/kinderwunsch-klinik.ch\/en\/wp-json\/wp\/v2\/pages\/811\/revisions\/1300"}],"wp:attachment":[{"href":"https:\/\/kinderwunsch-klinik.ch\/en\/wp-json\/wp\/v2\/media?parent=811"}],"curies":[{"name":"wp","href":"https:\/\/api.w.org\/{rel}","templated":true}]}}